{"id":106,"date":"2018-05-07T17:32:09","date_gmt":"2018-05-07T15:32:09","guid":{"rendered":"http:\/\/s741491327.online.de\/?page_id=106"},"modified":"2018-05-18T15:15:19","modified_gmt":"2018-05-18T13:15:19","slug":"motivation","status":"publish","type":"page","link":"http:\/\/www.aleppofreunde.de\/?page_id=106&lang=de","title":{"rendered":"Motivation"},"content":{"rendered":"<\/div><\/div><\/div><!-- close content main div --><\/div><\/div><div id='full_slider_1' class='avia-fullwidth-slider main_color avia-shadow   container_wrap sidebar_right' style=' '   style=' ' ><div  data-size='no scaling'  data-lightbox_size='large'  data-animation='slide'  data-conditional_play=''  data-ids='326'  data-video_counter='0'  data-autoplay='false'  data-bg_slider='false'  data-slide_height=''  data-handle='av_slideshow_full'  data-interval='5'  data-class=' '  data-css_id=''  data-scroll_down=''  data-control_layout='av-control-default'  data-custom_markup=''  data-perma_caption=''  data-autoplay_stopper=''  data-image_attachment=''  data-min_height='0px'  data-src=''  data-position='top left'  data-repeat='no-repeat'  data-attach='scroll'  data-stretch=''  class='avia-slideshow avia-slideshow-1  av-control-default av-default-height-applied avia-slideshow-no scaling av_slideshow_full   avia-slide-slider '  itemprop=\"ImageObject\" itemscope=\"itemscope\" itemtype=\"https:\/\/schema.org\/ImageObject\" ><ul class='avia-slideshow-inner ' style='padding-bottom: 25%;' ><li  class=' av-single-slide slide-1 ' ><div data-rel='slideshow-1' class='avia-slide-wrap '   ><img src='http:\/\/www.aleppofreunde.de\/wp-content\/uploads\/2018\/05\/Pano_Aleppo_20001P.SRC_.jpg' width='1500' height='375' title='Pano_Aleppo_20001P.SRC' alt=''  itemprop=\"thumbnailUrl\"   \/><\/div><\/li><\/ul><\/div><\/div>\n<div class='flex_column_table av-equal-height-column-flextable -flextable' style='margin-top:0px; margin-bottom:30px; '><div class=\"flex_column av_one_fifth  flex_column_table_cell av-equal-height-column av-align-top av-zero-column-padding first  \" style='border-radius:0px; '><\/div><\/div><!--close column table wrapper. Autoclose: 1 -->\n<div class='flex_column_table av-equal-height-column-flextable -flextable' style='margin-top:0px; margin-bottom:30px; '><div class='av-flex-placeholder'><\/div><div class=\"flex_column av_four_fifth  flex_column_table_cell av-equal-height-column av-align-top av-zero-column-padding   \" style='border-radius:0px; '><div class='avia-image-container  av-styling-    avia-align-left '  itemprop=\"ImageObject\" itemscope=\"itemscope\" itemtype=\"https:\/\/schema.org\/ImageObject\"  ><div class='avia-image-container-inner'><div class='avia-image-overlay-wrap'><img class='avia_image' src='http:\/\/www.aleppofreunde.de\/wp-content\/uploads\/2018\/05\/logo_ra_gr.gif' alt='' title='logo_ra_gr' height=\"68\" width=\"285\"  itemprop=\"thumbnailUrl\"  \/><\/div><\/div><\/div><\/div><\/div><!--close column table wrapper. Autoclose: 1 -->\n<div class=\"flex_column av_one_fifth  flex_column_div av-zero-column-padding first  \" style='border-radius:0px; '><div class='avia-builder-widget-area clearfix '><div id=\"nav_menu-2\" class=\"widget clearfix widget_nav_menu\"><div class=\"menu-rebuild_dt-container\"><ul id=\"menu-rebuild_dt\" class=\"menu\"><li id=\"menu-item-115\" class=\"menu-item menu-item-type-post_type menu-item-object-page menu-item-115\"><a href=\"http:\/\/www.aleppofreunde.de\/?page_id=104&#038;lang=de\">Arbeitsgruppe<\/a><\/li>\n<li id=\"menu-item-114\" class=\"menu-item menu-item-type-post_type menu-item-object-page menu-item-114\"><a href=\"http:\/\/www.aleppofreunde.de\/?page_id=106&#038;lang=de\">Motivation<\/a><\/li>\n<li id=\"menu-item-113\" class=\"menu-item menu-item-type-post_type menu-item-object-page menu-item-113\"><a href=\"http:\/\/www.aleppofreunde.de\/?page_id=108&#038;lang=de\">Spenden<\/a><\/li>\n<li id=\"menu-item-112\" class=\"menu-item menu-item-type-post_type menu-item-object-page menu-item-112\"><a href=\"http:\/\/www.aleppofreunde.de\/?page_id=110&#038;lang=de\">Aktivit\u00e4ten<\/a><\/li>\n<\/ul><\/div><\/div><\/div><\/div>\n<div class=\"flex_column av_two_fifth  flex_column_div av-zero-column-padding   \" style='border-radius:0px; '><section class=\"av_textblock_section \"  itemscope=\"itemscope\" itemtype=\"https:\/\/schema.org\/CreativeWork\" ><div class='avia_textblock  '   itemprop=\"text\" ><h3>Kurzfristige Zielsetzung<\/h3>\n<ul>\n<li>Bildung eines Forums f\u00fcr die Umsetzung verschiedener Aktivit\u00e4ten zum Wiederaufbau von Aleppo. Der Aufbau soll einerseits mit Hilfe der UNESCO, des Altstadt-Komitees und der syrischen Antikenverwaltung unterst\u00fctzt und gef\u00f6rdert sowie andererseits in enger Kooperation mit syrischen und internationalen Architekten, Stadtplanern, Arch\u00e4ologen, Historikern und \u00f6ffentlichen internationalen Einrichtungen sowie Universit\u00e4ten, Vereinen und Privatpersonen durchgef\u00fchrt werden.<\/li>\n<li>Gr\u00fcndung einer digitalen Plattform f\u00fcr die Bildung von Netzwerken und den Austausch von aktuellen Informationen, unter anderem zu Kriegssch\u00e4den mit Hilfe von Satellitenaufnahmen und Dokumentationen von Anwohnern aus Aleppo, um eine Grundlagenforschung f\u00fcr den Wiederaufbau zu erm\u00f6glichen.<\/li>\n<\/ul>\n<\/div><\/section><\/div>\n<div class=\"flex_column av_two_fifth  flex_column_div av-zero-column-padding   \" style='border-radius:0px; '><section class=\"av_textblock_section \"  itemscope=\"itemscope\" itemtype=\"https:\/\/schema.org\/CreativeWork\" ><div class='avia_textblock  '   itemprop=\"text\" ><h3>Langfristige Zielsetzung<\/h3>\n<ul>\n<li>Wiederaufbau der Altstadt im Dialog mit der Neustadt von Aleppo nach Beendigung des Krieges. Die Stadt muss als Ganzes betrachtet und die gemeinsame Entwicklung der Alt- und Neustadt ber\u00fccksichtigt werden.<\/li>\n<li>Aufbau der Altstadt unter Anwendung neuer und traditioneller Strategien sowie Integrierung historischer Quellen.<\/li>\n<li>Aufbau der Neustadt mit Hilfe neu entwickelter Strategien sowie einer inhaltlichen und st\u00e4dtebaulichen Verkn\u00fcpfung mit der Altstadt. Einbindung der Arch\u00e4ologie in die Vorplanung und sp\u00e4tere Durchf\u00fchrung von Ausgrabungen, um fehlende Informationen \u00fcber \u00e4ltere Epochen zu belegen, in Zusammenarbeit mit der UNESCO und dem Weltkulturerbe-Komitee sowie dem Deutschen Arch\u00e4ologischen Institut.<\/li>\n<li>Einbindung der Altstadtbewohner von Aleppo vor Ort durch Errichtung von tempor\u00e4ren Bauten auf unmittelbar vor der Stadtmauer liegenden Freifl\u00e4chen.<\/li>\n<li>Wiederbelebung des traditionellen Handwerks, das f\u00fcr den Wiederaufbau und die kriegsgesch\u00e4digte Identit\u00e4t der Bewohner von gro\u00dfer Bedeutung sein wird.<\/li>\n<li>F\u00f6rderung einer Bewusstseinsbildung f\u00fcr das kulturelle Erbe und die Identit\u00e4t der neuen alten Stadt Aleppo.<\/li>\n<\/ul>\n<\/div><\/section><\/div>\n","protected":false},"excerpt":{"rendered":"","protected":false},"author":1,"featured_media":0,"parent":33,"menu_order":0,"comment_status":"closed","ping_status":"closed","template":"","meta":{"footnotes":""},"class_list":["post-106","page","type-page","status-publish","hentry"],"_links":{"self":[{"href":"http:\/\/www.aleppofreunde.de\/index.php?rest_route=\/wp\/v2\/pages\/106","targetHints":{"allow":["GET"]}}],"collection":[{"href":"http:\/\/www.aleppofreunde.de\/index.php?rest_route=\/wp\/v2\/pages"}],"about":[{"href":"http:\/\/www.aleppofreunde.de\/index.php?rest_route=\/wp\/v2\/types\/page"}],"author":[{"embeddable":true,"href":"http:\/\/www.aleppofreunde.de\/index.php?rest_route=\/wp\/v2\/users\/1"}],"replies":[{"embeddable":true,"href":"http:\/\/www.aleppofreunde.de\/index.php?rest_route=%2Fwp%2Fv2%2Fcomments&post=106"}],"version-history":[{"count":8,"href":"http:\/\/www.aleppofreunde.de\/index.php?rest_route=\/wp\/v2\/pages\/106\/revisions"}],"predecessor-version":[{"id":993,"href":"http:\/\/www.aleppofreunde.de\/index.php?rest_route=\/wp\/v2\/pages\/106\/revisions\/993"}],"up":[{"embeddable":true,"href":"http:\/\/www.aleppofreunde.de\/index.php?rest_route=\/wp\/v2\/pages\/33"}],"wp:attachment":[{"href":"http:\/\/www.aleppofreunde.de\/index.php?rest_route=%2Fwp%2Fv2%2Fmedia&parent=106"}],"curies":[{"name":"wp","href":"https:\/\/api.w.org\/{rel}","templated":true}]}}