{"id":1362,"date":"2021-03-12T13:08:31","date_gmt":"2021-03-12T12:08:31","guid":{"rendered":"http:\/\/www.aleppofreunde.de\/?page_id=1362"},"modified":"2022-03-17T10:54:51","modified_gmt":"2022-03-17T09:54:51","slug":"publications","status":"publish","type":"page","link":"http:\/\/www.aleppofreunde.de\/?page_id=1362&lang=en","title":{"rendered":"Publications"},"content":{"rendered":"<section class=\"av_textblock_section \"  itemscope=\"itemscope\" itemtype=\"https:\/\/schema.org\/CreativeWork\" ><div class='avia_textblock  '   itemprop=\"text\" ><p>Our association was and is involved in various publications.<\/p>\n<p>A selection can be found here:<br \/>\nPublications marked * are available as print or good resolution via the association, upon request.<\/p>\n<p>&gt;&gt;\u00a0The association Freund der Altstadt von Aleppo e.V. (Friend of the Old City of Aleppo) publishes a magazine called <a href=\"http:\/\/www.aleppofreunde.de\/language\/en\/2022\/03\/17\/aleppo-journal-2\/\">&#8222;<strong>Aleppo Journal&#8220;<\/strong><\/a> once a year.<\/p>\n<p>&gt;&gt; <a href=\"http:\/\/public\/20201109_Aleppo%20Plans\/20200917_Exhibition_Aleppo_BTU_reduced.pdf\" target=\"_blank\" rel=\"noopener\">BTU Ausstellung &#8222;Urban Cultural Heritage in the Middle East &#8211; 5000 years of urban structures&#8220;<\/a> (2020). The association is involved in developing the maps with expertise of its members. To view the maps click <a href=\"http:\/\/public\/20201109_Aleppo%20Plans\/20200917_Exhibition_Aleppo_BTU_reduced.pdf\" target=\"_blank\" rel=\"noopener\">here<\/a>.<\/p>\n<p>&gt;&gt;\u00a0&#8222;<a href=\"https:\/\/www.ebv-berlin.de\/epages\/15494902.sf\/en_GB\/?ObjectPath=\/Shops\/15494902\/Products\/%22ISBN%20978-3-86893-346-8%22\" target=\"_blank\" rel=\"noopener\">Ein Forscher zwischen den Kulturen&#8220;<\/a>\u00a0(2020) Commemorative publication for Heinz Gaube, co-founder of the association, on his 80th birthday, with contributions by members of the association and long-time companions. On the publisher&#8217;s website you will find the following \u00a0<a href=\"http:\/\/www.buchgestaltung-online.de\/Leseproben\/Leseprobe_FS_Gaube.pdf\" target=\"_blank\" rel=\"noopener\">reading sample<\/a>.*<\/p>\n<p>&gt;&gt; Commemorative publication &#8222;The Old City of Aleppo in Transition &#8211; Insights, Rehabilitation, Reconstruction. In Memory of Adli Qudsi.&#8220; | &#8222;The Old City of Aleppo in Transition &#8211; Insights, Rehabilitation, Reconstruction. In Memory of Adli Qudsi.&#8220; (2020).\u00a0<a href=\"https:\/\/www.na-verlag.de\/wp-content\/uploads\/image\/Inhaltsverzeichnis_Aleppo_Altstadt.pdf\" target=\"_blank\" rel=\"noopener\">Table of contents<\/a> and <a href=\"https:\/\/www.na-verlag.de\/wp-content\/uploads\/image\/Leseprobe_Aleppo_Altstadt.pdf\" target=\"_blank\" rel=\"noopener\">reading sample<\/a> of the commemorative publication (<a href=\"https:\/\/www.na-verlag.de\/buecher-e-book-media-archaeologie-kunst-geschichte\/258\/Die%20Altstadt%20von%20Aleppo%20im%20Wandel\/\" target=\"_blank\" rel=\"noopener\">on the publisher&#8217;s website<\/a>).*<\/p>\n<p>The Arabic translation can be found<a href=\"https:\/\/issuu.com\/aleppofreunde-aleppofriends-association\/docs\/2020_gedenkschrift_adliqudsi____\" target=\"_blank\" rel=\"noopener\"> here<\/a>.*<\/p>\n<p>&gt;&gt;\u00a0<a href=\"https:\/\/publications.dainst.org\/books\/index.php\/dai\/catalog\/book\/64\" target=\"_blank\" rel=\"noopener\">&#8222;Nach der Stunde Null \u2013 aus Nachkriegserfahrungen f\u00fcr Syrien lernen? Denkmalpflege, Arch\u00e4ologie und St\u00e4dtebau als internationale Aufgabe&#8220;<\/a> (2019).\u00a0The association is involved with expertise of its members. More info about the publication can be found <a href=\"https:\/\/publications.dainst.org\/books\/index.php\/dai\/catalog\/book\/64\" target=\"_blank\" rel=\"noopener\">here<\/a>.<\/p>\n<p>&gt;&gt; Research project &#8222;<a href=\"https:\/\/www.b-tu.de\/middle-east-cooperation\/research\/research-projects\/aleppo-archive-in-exile\" target=\"_blank\" rel=\"noopener\">Urban Cultural Heritage in the Middle East &#8211; Old City of Aleppo&#8220;<\/a> (ongoing). The association is involved with expertise of its members. More information about the research project can be found<a href=\"https:\/\/www.b-tu.de\/middle-east-cooperation\/research\/research-projects\/aleppo-archive-in-exile\" target=\"_blank\" rel=\"noopener\"> here<\/a>.<\/p>\n<p>To view the Aleppo map (2017-2020)<a href=\"https:\/\/www-docs.b-tu.de\/middle-east-cooperation\/public\/20201109_Aleppo%20Plans\/20200917_Plan_Old_City_Aleppo_BTU.pdf\" target=\"_blank\" rel=\"noopener\"> click here<\/a>.<\/p>\n<p>&gt;&gt; Toolkit <a href=\"https:\/\/www.recover-urban-heritage.org\/\" target=\"_blank\" rel=\"noopener\">&#8222;Recover Urban Heritage&#8220;<\/a>\u00a0(2018-2019). The association is participating with expertise from its members. To view the toolkit, click<a href=\"https:\/\/www.recover-urban-heritage.org\/\"> here<\/a>.<\/p>\n<p>&gt;&gt;\u00a0<a href=\"https:\/\/issuu.com\/iusd.cairo\/docs\/02_doku_-_alp_06feb_mediumres_a\" target=\"_blank\" rel=\"noopener\">&#8222;Scenarios for Post-War Reconstruction in Aleppo&#8220;<\/a> Documentation (2016). Members of the association were involved in the organization and with content contributions to the <a href=\"https:\/\/www.iusd.uni-stuttgart.de\/\">IUSD<\/a> Workshop at the <a href=\"https:\/\/international-urbanism.de\/\">Istitute for International Urbanism (SIIU)<\/a> of the University of Stuttgart. To view the documentation, click <a href=\"https:\/\/issuu.com\/iusd.cairo\/docs\/02_doku_-_alp_06feb_mediumres_a\">here<\/a>.<\/p>\n<p>&gt;&gt; <a href=\"https:\/\/www.na-verlag.de\/buecher-e-book-media-archaeologie-kunst-geschichte\/146\/Strategies%20to%20rebuild%20Aleppo\/\">&#8222;Strategies to rebuild Aleppo&#8220;<\/a> (2016), edited by members of the association. To view, click on <a href=\"http:\/\/www.na-verlag.de\/wp-content\/uploads\/image\/Inhaltsverzeichnis_Strategies_to_rebuild_Aleppo.pdf\">Table of contents<\/a> und\u00a0<a href=\"http:\/\/www.na-verlag.de\/wp-content\/uploads\/image\/Leseprobe_Strategies_Aleppo.pdf\">Reading sample<\/a> via publisher&#8217;s website.*<\/p>\n<p>&gt;&gt;\u00a0<a href=\"http:\/\/www.aleppofreunde.de\/wp-content\/uploads\/2018\/07\/ANCB_dokumentation.pdf\" target=\"_blank\" rel=\"noopener\">&#8222;DIE ALTSTADT VON ALEPPO Strategien f\u00fcr den Wiederaufbau&#8220;<\/a> Documentation of the conference (2015) at ANCB The Aedes Metropolitan Laboratory, Berlin.\u00a0To view the documentation click\u00a0<a href=\"http:\/\/www.aleppofreunde.de\/wp-content\/uploads\/2018\/07\/ANCB_dokumentation.pdf\" target=\"_blank\" rel=\"noopener\">here<\/a>.<\/p>\n<p>&gt;&gt; The Aleppo Archive &#8211; A place for the memory of Urban History (2012) in cooperation with the Gesellschaft f\u00fcr Internationale Zusammenarbeit. For a low-res version click <a href=\"http:\/\/www.aleppofreunde.de\/wp-content\/uploads\/2021\/03\/aleppo_archive_290712_Web_sms.pdf\" target=\"_blank\" rel=\"noopener\">here<\/a>. *<\/p>\n<p>&gt;&gt; <a href=\"https:\/\/www.edition-et.de\/images\/myal.pdf\" target=\"_blank\" rel=\"noopener\">MYAL My Aleppo<\/a> (2011, edited 2015) in cooperation with Esefeld and Traub Edition*<\/p>\n<p>&gt;&gt; <a href=\"http:\/\/madinatuna.com\/downloads\/activities\/34\/AleppoScope-Nov-2010.pdf\" target=\"_blank\" rel=\"noopener\">&#8222;Aleppo Urban Historic Archive&#8220;<\/a><span class=\"Apple-converted-space\">\u00a0<\/span>(2010) in city magazine &#8222;Alepposcope&#8220;. A portrait of the archive project in Aleppo, supported by the association.<\/p>\n<p>&gt;&gt; <a href=\"https:\/\/www.trialog-journal.de\/journal\/heftarchiv\/\" target=\"_blank\" rel=\"noopener\">Trialog Journal<\/a> (various issues). Members of the association have drawn attention to the history and initiatives in the old town in the following<\/p>\n<p>&gt; Trialog No. 79 <a href=\"https:\/\/www.trialog-journal.de\/wp-content\/uploads\/2016\/04\/TRIALOG-79-Tourism-and-Development-Vol.-4_2003-IKO-OD57C8.pdf\" target=\"_blank\" rel=\"noopener\">&#8222;Tourism and Development&#8220;<\/a>\u00a0(2003, pages 16ff.) by members Meinolf Spiekermann and Anette Gangler. To view the article click <a href=\"https:\/\/www.trialog-journal.de\/wp-content\/uploads\/2016\/04\/TRIALOG-79-Tourism-and-Development-Vol.-4_2003-IKO-OD57C8.pdf\" target=\"_blank\" rel=\"noopener\">here<\/a>.<\/p>\n<p>&gt; Trialog No. 53 <a href=\"https:\/\/www.trialog-journal.de\/wp-content\/uploads\/2016\/04\/TRIALOG-53-Hof-H%C3%A4user-Courtyard-Houses-Vol.-2_1997-scan3BAF.pdf\" target=\"_blank\" rel=\"noopener\">&#8222;Das Hofhaus im vorderen Orient &#8211; Ein traditioneller Bautyp und seine Ver\u00e4nderungen im heutigen Syrien&#8220;<\/a> (1997, pages 5ff.).\u00a0To view the article click\u00a0<a href=\"https:\/\/www.trialog-journal.de\/wp-content\/uploads\/2016\/04\/TRIALOG-53-Hof-H%C3%A4user-Courtyard-Houses-Vol.-2_1997-scan3BAF.pdf\" target=\"_blank\" rel=\"noopener\">here<\/a>.<\/p>\n<p>&gt; Trialog No. 40 <a href=\"https:\/\/www.trialog-journal.de\/wp-content\/uploads\/2016\/04\/TRIALOG-40-Orientalisch-isalmische-Alst%C3%A4dte-Vol.-1_1994-scan10B9.pdf\" target=\"_blank\" rel=\"noopener\">&#8222;Islamische Altst\u00e4dte&#8220;<\/a> (1994).\u00a0Published with members of the association.\u00a0To view the issue click<span class=\"Apple-converted-space\">\u00a0<\/span><a href=\"https:\/\/www.trialog-journal.de\/wp-content\/uploads\/2016\/04\/TRIALOG-40-Orientalisch-isalmische-Alst%C3%A4dte-Vol.-1_1994-scan10B9.pdf\" target=\"_blank\" rel=\"noopener\">here<\/a>.<\/p>\n<\/div><\/section>\n","protected":false},"excerpt":{"rendered":"","protected":false},"author":2,"featured_media":0,"parent":384,"menu_order":5,"comment_status":"closed","ping_status":"closed","template":"","meta":{"footnotes":""},"class_list":["post-1362","page","type-page","status-publish","hentry"],"_links":{"self":[{"href":"http:\/\/www.aleppofreunde.de\/index.php?rest_route=\/wp\/v2\/pages\/1362","targetHints":{"allow":["GET"]}}],"collection":[{"href":"http:\/\/www.aleppofreunde.de\/index.php?rest_route=\/wp\/v2\/pages"}],"about":[{"href":"http:\/\/www.aleppofreunde.de\/index.php?rest_route=\/wp\/v2\/types\/page"}],"author":[{"embeddable":true,"href":"http:\/\/www.aleppofreunde.de\/index.php?rest_route=\/wp\/v2\/users\/2"}],"replies":[{"embeddable":true,"href":"http:\/\/www.aleppofreunde.de\/index.php?rest_route=%2Fwp%2Fv2%2Fcomments&post=1362"}],"version-history":[{"count":13,"href":"http:\/\/www.aleppofreunde.de\/index.php?rest_route=\/wp\/v2\/pages\/1362\/revisions"}],"predecessor-version":[{"id":1663,"href":"http:\/\/www.aleppofreunde.de\/index.php?rest_route=\/wp\/v2\/pages\/1362\/revisions\/1663"}],"up":[{"embeddable":true,"href":"http:\/\/www.aleppofreunde.de\/index.php?rest_route=\/wp\/v2\/pages\/384"}],"wp:attachment":[{"href":"http:\/\/www.aleppofreunde.de\/index.php?rest_route=%2Fwp%2Fv2%2Fmedia&parent=1362"}],"curies":[{"name":"wp","href":"https:\/\/api.w.org\/{rel}","templated":true}]}}