{"id":17,"date":"2018-04-25T17:13:20","date_gmt":"2018-04-25T15:13:20","guid":{"rendered":"http:\/\/s741491327.online.de\/?page_id=17"},"modified":"2018-11-18T13:33:11","modified_gmt":"2018-11-18T12:33:11","slug":"aleppo","status":"publish","type":"page","link":"http:\/\/www.aleppofreunde.de\/?page_id=17&lang=de","title":{"rendered":"Aleppo"},"content":{"rendered":"<\/div><\/div><\/div><!-- close content main div --><\/div><\/div><div id='full_slider_1' class='avia-fullwidth-slider main_color avia-shadow   container_wrap sidebar_right' style=' '   style=' ' ><div  data-size='no scaling'  data-lightbox_size='large'  data-animation='fade'  data-conditional_play=''  data-ids='323,325,326,327,329,320'  data-video_counter='0'  data-autoplay='true'  data-bg_slider='false'  data-slide_height=''  data-handle='av_slideshow_full'  data-interval='5'  data-class=' '  data-css_id=''  data-scroll_down=''  data-control_layout='av-control-default'  data-custom_markup=''  data-perma_caption=''  data-autoplay_stopper=''  data-image_attachment=''  data-min_height='0px'  data-src=''  data-position='top left'  data-repeat='no-repeat'  data-attach='scroll'  data-stretch=''  class='avia-slideshow avia-slideshow-1  av-control-default av-default-height-applied avia-slideshow-no scaling av_slideshow_full   avia-fade-slider '  itemprop=\"ImageObject\" itemscope=\"itemscope\" itemtype=\"https:\/\/schema.org\/ImageObject\" ><ul class='avia-slideshow-inner ' style='padding-bottom: 25%;' ><li  class=' slide-1 ' ><div data-rel='slideshow-1' class='avia-slide-wrap '   ><img src='http:\/\/www.aleppofreunde.de\/wp-content\/uploads\/2018\/05\/Pano_Aleppo_2000_PANO19AP.SRC_.jpg' width='1500' height='375' title='Pano_Aleppo_2000_PANO19AP.SRC' alt=''  itemprop=\"thumbnailUrl\"   \/><\/div><\/li><li  class=' slide-2 ' ><div data-rel='slideshow-1' class='avia-slide-wrap '   ><img src='http:\/\/www.aleppofreunde.de\/wp-content\/uploads\/2018\/05\/Pano_Aleppo_2000.13.srcpict.jpg' width='1500' height='375' title='Pano_Aleppo_2000.13.srcpict' alt=''  itemprop=\"thumbnailUrl\"   \/><\/div><\/li><li  class=' slide-3 ' ><div data-rel='slideshow-1' class='avia-slide-wrap '   ><img src='http:\/\/www.aleppofreunde.de\/wp-content\/uploads\/2018\/05\/Pano_Aleppo_20001P.SRC_.jpg' width='1500' height='375' title='Pano_Aleppo_20001P.SRC' alt=''  itemprop=\"thumbnailUrl\"   \/><\/div><\/li><li  class=' slide-4 ' ><div data-rel='slideshow-1' class='avia-slide-wrap '   ><img src='http:\/\/www.aleppofreunde.de\/wp-content\/uploads\/2018\/05\/Pano_Aleppo_20002P.SRC_.jpg' width='1500' height='375' title='Pano_Aleppo_20002P.SRC' alt=''  itemprop=\"thumbnailUrl\"   \/><\/div><\/li><li  class=' slide-5 ' ><div data-rel='slideshow-1' class='avia-slide-wrap '   ><img src='http:\/\/www.aleppofreunde.de\/wp-content\/uploads\/2018\/05\/Pano_Aleppo_200018AP.SRC_.jpg' width='1500' height='375' title='Pano_Aleppo_200018AP.SRC' alt=''  itemprop=\"thumbnailUrl\"   \/><\/div><\/li><li  class=' slide-6 ' ><div data-rel='slideshow-1' class='avia-slide-wrap '   ><img src='http:\/\/www.aleppofreunde.de\/wp-content\/uploads\/2018\/05\/Pano_Aleppo_2000_GTZ5.SRC_.jpg' width='1500' height='375' title='Pano_Aleppo_2000_GTZ5.SRC' alt=''  itemprop=\"thumbnailUrl\"   \/><\/div><\/li><\/ul><div class='avia-slideshow-arrows avia-slideshow-controls'><a href='#prev' class='prev-slide' aria-hidden='true' data-av_icon='\ue87c' data-av_iconfont='entypo-fontello'>Zur\u00fcck<\/a><a href='#next' class='next-slide' aria-hidden='true' data-av_icon='\ue87d' data-av_iconfont='entypo-fontello'>Weiter<\/a><\/div><div class='avia-slideshow-dots avia-slideshow-controls'><a href='#1' class='goto-slide active' >1<\/a><a href='#2' class='goto-slide ' >2<\/a><a href='#3' class='goto-slide ' >3<\/a><a href='#4' class='goto-slide ' >4<\/a><a href='#5' class='goto-slide ' >5<\/a><a href='#6' class='goto-slide ' >6<\/a><\/div><\/div><\/div>\n<div class=\"flex_column av_one_fifth  flex_column_div av-zero-column-padding first  \" style='border-radius:0px; '><\/div>\n<div class=\"flex_column av_four_fifth  flex_column_div av-zero-column-padding   \" style='border-radius:0px; '><div style='padding-bottom:50px; font-size:32px;' class='av-special-heading av-special-heading-h3  blockquote modern-quote  av-inherit-size '><h3 class='av-special-heading-tag '  itemprop=\"headline\"  >Aleppo \u2013 Kulturelles Erbe lebendig erhalten<\/h3><div class='special-heading-border'><div class='special-heading-inner-border' ><\/div><\/div><\/div><\/div>\n<div class=\"flex_column av_one_fifth  flex_column_div av-zero-column-padding first  \" style='border-radius:0px; '><\/div>\n<div class=\"flex_column av_two_fifth  flex_column_div av-zero-column-padding   \" style='border-radius:0px; '><section class=\"av_textblock_section \"  itemscope=\"itemscope\" itemtype=\"https:\/\/schema.org\/CreativeWork\" ><div class='avia_textblock  '   itemprop=\"text\" ><h4>Heutige Situation<\/h4>\n<p>Seit \u00fcber 5000 Jahren liegt Syrien im Spannungsfeld der jeweiligen angrenzenden Gro\u00dfm\u00e4chte. Im Laufe der Geschichte wurde Aleppo wiederholt zerst\u00f6rt, aber auch wieder aufgebaut. Seit dem Beginn der gewaltsamen Auseinandersetzungen im Jahr 2011 sind ganze Teile der Stadt und deren Bewohner durchgehenden Kampfhandlungen ausgesetzt. Zahlreiche historische Monumente und Geb\u00e4ude der Altstadt sind nur noch Ruinen. In ihrer Verzweiflung und Not fliehen die Menschen oder k\u00e4mpfen in ihren besch\u00e4digten oder zerst\u00f6rten H\u00e4usern ums \u00dcberleben.<\/p>\n<p>Heute stehen alle sechs Weltkulturerbest\u00e4tten in Syrien (Altstadt von Damaskus, Palmyra, Altstadt von Bosra, Altstadt von Aleppo, Krak des Chevaliers und Qal&#8217;at Salah ed-Din) sowie die antiken &#8222;toten St\u00e4dte&#8220; im Norden auf der sogenannten Roten Liste des gef\u00e4hrdeten Welterbes der UNESCO.<\/p>\n<p>Mit dem B\u00fcrgerkrieg in Syrien und den K\u00e4mpfen um Aleppo, die gerade auch in der Altstadt stattfinden, geht die Zerst\u00f6rung der historischen Monumente wie der gro\u00dfen Moschee, Teilen des Soukbereichs, aber vor allem auch einzelner traditioneller Wohnquartiere weiter. Viele historische Zeugnisse sind damit vielleicht unwiederbringlich verloren und damit auch Hoffnungen, die mit der Erhaltung und Erneuerung der Altstadt verbunden waren. Eine Stadtkultur, die nicht nur die historischen Monumente umfa\u00dft, sondern auch die Sprache, die Musik, das Handwerk und vor allem die Lebensweise der Bewohner, die vom Zusammenleben unterschiedlicher Ethnien und Religionsgruppen bestimmt war, wird zerst\u00f6rt.<\/p>\n<p>Am Beispiel der Bilder von Aleppo sollen einige Momente dieser reichen Stadtkultur gezeigt werden, aber auch die Bilder der Zerst\u00f6rung.<\/p>\n<h4>Situation vor dem Konflikt<\/h4>\n<p>Um zu verstehen warum unser Verein sich der Kultur, Architekturgeschichte und Stadtentwicklung, und seit Beginn der schweren Kampfhandlungen auch dem Thema Wiederaufbau widmet, soll hier kurz ein Eindruck Aleppos gegeben werden.<\/p>\n<\/div><\/section><\/div>\n<div class=\"flex_column av_two_fifth  flex_column_div av-zero-column-padding   \" style='border-radius:0px; '><section class=\"av_textblock_section \"  itemscope=\"itemscope\" itemtype=\"https:\/\/schema.org\/CreativeWork\" ><div class='avia_textblock  '   itemprop=\"text\" ><h4>Syrisch-Deutsche Zusammenarbeit (1994\u20132011)<\/h4>\n<p>Dank des enormen zivilen Engagements der Bewohner Aleppos wurde 1994 mithilfe der GIZ ein Erneuerungs- und Schutzprozess begonnen, der private, staatliche und internationale Initiativen b\u00fcndelte um die Altstadt und ihr Erbe lebenswert und authentisch zu erhalten. Jahre zuvor war dieses einzigartige Erbe bedroht von modernistischer, autogerechter Stadtplanung des 20. Jahrhunderts.<\/p>\n<p>Alles begann mit einer Gruppe von Architekten, Historikern und Bewohnern die sich den Abrisspl\u00e4nen der Stadtverwaltung entgegenstellten. Diese plante im Jahr 1978 den Abriss der sich \u00fcber die Jahrzehnte gewandelten und bauf\u00e4lligen Nachbarschaft Bab Al-Faraj, um den Masterplan aus dem Jahre 1974 zu realisieren. Widerstand, angef\u00fchrt von aleppiner Architekten, formierte sich alsbald. Eine Altstadt-Kommission wurde gegr\u00fcndet das auch aus Mitgliedern des Privatsektors, \u00f6ffentlichen Einrichtungen bestand um den zuk\u00fcnftigen Schutz und die Entwicklung des Bab Al-Faraj-Areals, aber auch der gesamten Altstadt zu verhandeln.<\/p>\n<h4>Die Urspr\u00fcnge \u2013 Aleppos Stadtgeschichte<\/h4>\n<p>Das historische Aleppo, ein Weltkulturerbe mit der Gr\u00f6\u00dfe von 360 ha, kann auf \u00fcber 5000 Jahre durchgehende urbane Siedlungsgeschichte bis in das dritte Jahrtausend vor Christus zur\u00fcckblicken. Besucher haben seit jeher das gebaute und kulturelle Erbe dieser einzigartigen Altstadt bewundert. Aleppo war nicht nur Knotenpunkt diverser Handelsrouten und somit ein Verbindungspunkt verschiedener Einfl\u00fcsse und Kulturen, sondern f\u00fcr Aleppos Einwohner ist die Stadt ein identit\u00e4tsstiftendes Zuhause und Arbeitsplatz.<\/p>\n<p>&gt;&gt; <a href=\"http:\/\/madinatuna.com\/en\/home\" target=\"_blank\" rel=\"noopener\">Medinatuna<\/a> (2009-2011)<br \/>\n&gt;&gt; Unesco<br \/>\n&gt;&gt; Aga Khan Museum<\/p>\n<\/div><\/section><\/div><div class=\"flex_column av_one_fifth  flex_column_div av-zero-column-padding first  \" style='border-radius:0px; '><\/div><\/p>\n<div class=\"flex_column av_four_fifth  flex_column_div av-zero-column-padding   \" style='border-radius:0px; '><section class=\"av_textblock_section \"  itemscope=\"itemscope\" itemtype=\"https:\/\/schema.org\/CreativeWork\" ><div class='avia_textblock  '   itemprop=\"text\" ><div class=\"juxtapose\"><img decoding=\"async\" src=\"http:\/\/s741491327.online.de\/wp-content\/uploads\/2018\/05\/01_8.jpg\" alt=\"Suq\" \/><img decoding=\"async\" src=\"http:\/\/s741491327.online.de\/wp-content\/uploads\/2018\/05\/01_9.jpg\" alt=\"Suq nach dem Brand\" \/><\/div>\n<\/div><\/section><\/div>\n","protected":false},"excerpt":{"rendered":"","protected":false},"author":1,"featured_media":0,"parent":0,"menu_order":0,"comment_status":"closed","ping_status":"closed","template":"","meta":{"footnotes":""},"class_list":["post-17","page","type-page","status-publish","hentry"],"_links":{"self":[{"href":"http:\/\/www.aleppofreunde.de\/index.php?rest_route=\/wp\/v2\/pages\/17","targetHints":{"allow":["GET"]}}],"collection":[{"href":"http:\/\/www.aleppofreunde.de\/index.php?rest_route=\/wp\/v2\/pages"}],"about":[{"href":"http:\/\/www.aleppofreunde.de\/index.php?rest_route=\/wp\/v2\/types\/page"}],"author":[{"embeddable":true,"href":"http:\/\/www.aleppofreunde.de\/index.php?rest_route=\/wp\/v2\/users\/1"}],"replies":[{"embeddable":true,"href":"http:\/\/www.aleppofreunde.de\/index.php?rest_route=%2Fwp%2Fv2%2Fcomments&post=17"}],"version-history":[{"count":20,"href":"http:\/\/www.aleppofreunde.de\/index.php?rest_route=\/wp\/v2\/pages\/17\/revisions"}],"predecessor-version":[{"id":802,"href":"http:\/\/www.aleppofreunde.de\/index.php?rest_route=\/wp\/v2\/pages\/17\/revisions\/802"}],"wp:attachment":[{"href":"http:\/\/www.aleppofreunde.de\/index.php?rest_route=%2Fwp%2Fv2%2Fmedia&parent=17"}],"curies":[{"name":"wp","href":"https:\/\/api.w.org\/{rel}","templated":true}]}}