{"id":31,"date":"2018-04-25T17:15:41","date_gmt":"2018-04-25T15:15:41","guid":{"rendered":"http:\/\/s741491327.online.de\/?page_id=31"},"modified":"2018-05-18T15:50:26","modified_gmt":"2018-05-18T13:50:26","slug":"ausstellungen","status":"publish","type":"page","link":"http:\/\/www.aleppofreunde.de\/?page_id=31&lang=de","title":{"rendered":"Ausstellungen"},"content":{"rendered":"<\/div><\/div><\/div><!-- close content main div --><\/div><\/div><div id='full_slider_1' class='avia-fullwidth-slider main_color avia-shadow   container_wrap sidebar_right' style=' '   style=' ' ><div  data-size='no scaling'  data-lightbox_size='large'  data-animation='slide'  data-conditional_play=''  data-ids='336'  data-video_counter='0'  data-autoplay='false'  data-bg_slider='false'  data-slide_height=''  data-handle='av_slideshow_full'  data-interval='5'  data-class=' '  data-css_id=''  data-scroll_down=''  data-control_layout='av-control-default'  data-custom_markup=''  data-perma_caption=''  data-autoplay_stopper=''  data-image_attachment=''  data-min_height='0px'  data-src=''  data-position='top left'  data-repeat='no-repeat'  data-attach='scroll'  data-stretch=''  class='avia-slideshow avia-slideshow-1  av-control-default av-default-height-applied avia-slideshow-no scaling av_slideshow_full   avia-slide-slider '  itemprop=\"ImageObject\" itemscope=\"itemscope\" itemtype=\"https:\/\/schema.org\/ImageObject\" ><ul class='avia-slideshow-inner ' style='padding-bottom: 25%;' ><li  class=' av-single-slide slide-1 ' ><div data-rel='slideshow-1' class='avia-slide-wrap '   ><img src='http:\/\/www.aleppofreunde.de\/wp-content\/uploads\/2018\/05\/RHGH8779-1.jpg' width='2212' height='553' title='RHGH8779' alt=''  itemprop=\"thumbnailUrl\"   \/><\/div><\/li><\/ul><\/div><\/div>\n<div class='flex_column_table av-equal-height-column-flextable -flextable' style='margin-top:0px; margin-bottom:30px; '><div class=\"flex_column av_one_fifth  flex_column_table_cell av-equal-height-column av-align-top av-zero-column-padding first  \" style='border-radius:0px; '><\/div><\/div><!--close column table wrapper. Autoclose: 1 -->\n<div class='flex_column_table av-equal-height-column-flextable -flextable' style='margin-top:0px; margin-bottom:30px; '><div class='av-flex-placeholder'><\/div><div class=\"flex_column av_four_fifth  flex_column_table_cell av-equal-height-column av-align-top av-zero-column-padding   \" style='border-radius:0px; '><div style='padding-bottom:10px; font-size:32px;' class='av-special-heading av-special-heading-h3  blockquote modern-quote  av-inherit-size '><div class ='av-subheading av-subheading_above  ' style='font-size:15px;'><p>Initiativen<\/p>\n<\/div><h3 class='av-special-heading-tag '  itemprop=\"headline\"  >Ausstellungen und Gespr\u00e4chsreihen<\/h3><div class='special-heading-border'><div class='special-heading-inner-border' ><\/div><\/div><\/div><\/div><\/div><!--close column table wrapper. Autoclose: 1 --><div class=\"flex_column av_one_fifth  flex_column_div av-zero-column-padding first  \" style='border-radius:0px; '><\/div><\/p>\n<div class=\"flex_column av_two_fifth  flex_column_div av-zero-column-padding   \" style='border-radius:0px; '><section class=\"av_textblock_section \"  itemscope=\"itemscope\" itemtype=\"https:\/\/schema.org\/CreativeWork\" ><div class='avia_textblock  '   itemprop=\"text\" ><h4>Die syrische Trag\u00f6die \u2013 Zerst\u00f6rung einer Weltkultur<\/h4>\n<p>Der Verein organisierte im November und Dezember 2016 eine Gespr\u00e4chsreihe und Ausstellungser\u00f6ffnung in Kooperation mit dem Stadtarchiv Stuttgart und ifa (Institut f\u00fcr Auslandsbeziehungen) und freundlicher Unterst\u00fctzung durch die BW-Bank.<\/p>\n<h4>Das Archiv im Exil zu Gast im Stadtarchiv in Stuttgart<\/h4>\n<p>Im Jahr 2008 gr\u00fcndeten die Stadt Aleppo, die Deutsche Gesellschaft f\u00fcr Technische Zusammenarbeit, der Deutsche Entwicklungsdienst und der Verein der &#8222;Freunde der Altstadt von Aleppo&#8220; mit Sitz in Stuttgart gemeinsam das &#8222;Urban Historic Archive and Documentation Center for Aleppo&#8220;.<\/p>\n<\/div><\/section><\/div><div class=\"flex_column av_two_fifth  flex_column_div av-zero-column-padding   \" style='border-radius:0px; '><section class=\"av_textblock_section \"  itemscope=\"itemscope\" itemtype=\"https:\/\/schema.org\/CreativeWork\" ><div class='avia_textblock  '   itemprop=\"text\" ><p>Untergebracht in einem historischen Geb\u00e4ude im Zentrum der Altstadt wurden dort Katasterpl\u00e4ne, Bauaufnahmen bedeutender Monumente, historische Fotos und Grundrisse traditioneller Altstadtquartiere gesammelt. Sie sollten die Grundlage f\u00fcr die Erhaltung der historischen Altstadt von Aleppo bieten.<br \/>\nIm Jahr 2010 wurde das Archiv offiziell er\u00f6ffnet mit einer Ausstellung.<br \/>\nMit dem Einladen dieser Ausstellung erg\u00e4nzt durch Eindr\u00fccke zur heutigen Situation sowie einer Vortragsreihe hat das Stadtarchiv Stuttgart in Kooperation mit dem Verein &#8222;Freunde der Altstadt von Aleppo&#8220; und dem Institut f\u00fcr Auslandsbeziehungen (ifa) auf diese Zerst\u00f6rung des syrischen Kulturerbes aufmerksam gemacht.<\/p>\n<p>Die Dauer der Ausstellung ist 23.11.2016 \u2013 31.03.2017.<br \/>\nF\u00fchrungen k\u00f6nnen direkt im Archiv oder beim Verein angefragt werden<\/p>\n<\/div><\/section><\/div><\/p>\n<div class=\"flex_column av_one_fifth  flex_column_div av-zero-column-padding first  \" style='border-radius:0px; '><\/div>\n<div class=\"flex_column av_four_fifth  flex_column_div av-zero-column-padding   \" style='border-radius:0px; '><div  data-size='no scaling'  data-lightbox_size='large'  data-animation='slide'  data-conditional_play=''  data-ids='290,291,292,293,294,295,296,297,298,299,300,301,302,303'  data-video_counter='0'  data-autoplay='true'  data-bg_slider='false'  data-slide_height=''  data-handle='av_slideshow'  data-interval='5'  data-class=' '  data-css_id=''  data-scroll_down=''  data-control_layout='av-control-default'  data-custom_markup=''  data-perma_caption=''  data-autoplay_stopper=''  data-image_attachment=''  data-min_height='0px'  class='avia-slideshow avia-slideshow-2  av-control-default av-default-height-applied avia-slideshow-no scaling av_slideshow   avia-slide-slider '  itemprop=\"ImageObject\" itemscope=\"itemscope\" itemtype=\"https:\/\/schema.org\/ImageObject\" ><ul class='avia-slideshow-inner ' style='padding-bottom: 100%;' ><li  class=' slide-1 ' ><div data-rel='slideshow-2' class='avia-slide-wrap '   ><img src='http:\/\/www.aleppofreunde.de\/wp-content\/uploads\/2018\/05\/AFPV3906.jpg' width='800' height='800' title='AFPV3906' alt=''  itemprop=\"thumbnailUrl\"   \/><\/div><\/li><li  class=' slide-2 ' ><div data-rel='slideshow-2' class='avia-slide-wrap '   ><img src='http:\/\/www.aleppofreunde.de\/wp-content\/uploads\/2018\/05\/APQM0039.jpg' width='800' height='800' title='APQM0039' alt=''  itemprop=\"thumbnailUrl\"   \/><\/div><\/li><li  class=' slide-3 ' ><div data-rel='slideshow-2' class='avia-slide-wrap '   ><img src='http:\/\/www.aleppofreunde.de\/wp-content\/uploads\/2018\/05\/EJKE0676.jpg' width='800' height='800' title='EJKE0676' alt=''  itemprop=\"thumbnailUrl\"   \/><\/div><\/li><li  class=' slide-4 ' ><div data-rel='slideshow-2' class='avia-slide-wrap '   ><img src='http:\/\/www.aleppofreunde.de\/wp-content\/uploads\/2018\/05\/EMSO7069.jpg' width='800' height='800' title='EMSO7069' alt=''  itemprop=\"thumbnailUrl\"   \/><\/div><\/li><li  class=' slide-5 ' ><div data-rel='slideshow-2' class='avia-slide-wrap '   ><img src='http:\/\/www.aleppofreunde.de\/wp-content\/uploads\/2018\/05\/GAWU1266.jpg' width='800' height='800' title='GAWU1266' alt=''  itemprop=\"thumbnailUrl\"   \/><\/div><\/li><li  class=' slide-6 ' ><div data-rel='slideshow-2' class='avia-slide-wrap '   ><img src='http:\/\/www.aleppofreunde.de\/wp-content\/uploads\/2018\/05\/JNZJ0050.jpg' width='800' height='800' title='JNZJ0050' alt=''  itemprop=\"thumbnailUrl\"   \/><\/div><\/li><li  class=' slide-7 ' ><div data-rel='slideshow-2' class='avia-slide-wrap '   ><img src='http:\/\/www.aleppofreunde.de\/wp-content\/uploads\/2018\/05\/LQNX4150.jpg' width='800' height='800' title='LQNX4150' alt=''  itemprop=\"thumbnailUrl\"   \/><\/div><\/li><li  class=' slide-8 ' ><div data-rel='slideshow-2' class='avia-slide-wrap '   ><img src='http:\/\/www.aleppofreunde.de\/wp-content\/uploads\/2018\/05\/MJPO2265.jpg' width='800' height='800' title='MJPO2265' alt=''  itemprop=\"thumbnailUrl\"   \/><\/div><\/li><li  class=' slide-9 ' ><div data-rel='slideshow-2' class='avia-slide-wrap '   ><img src='http:\/\/www.aleppofreunde.de\/wp-content\/uploads\/2018\/05\/QZJI3804.jpg' width='800' height='800' title='QZJI3804' alt=''  itemprop=\"thumbnailUrl\"   \/><\/div><\/li><li  class=' slide-10 ' ><div data-rel='slideshow-2' class='avia-slide-wrap '   ><img src='http:\/\/www.aleppofreunde.de\/wp-content\/uploads\/2018\/05\/RHGH8779.jpg' width='800' height='800' title='RHGH8779' alt=''  itemprop=\"thumbnailUrl\"   \/><\/div><\/li><li  class=' slide-11 ' ><div data-rel='slideshow-2' class='avia-slide-wrap '   ><img src='http:\/\/www.aleppofreunde.de\/wp-content\/uploads\/2018\/05\/TDGO0609.jpg' width='800' height='800' title='TDGO0609' alt=''  itemprop=\"thumbnailUrl\"   \/><\/div><\/li><li  class=' slide-12 ' ><div data-rel='slideshow-2' class='avia-slide-wrap '   ><img src='http:\/\/www.aleppofreunde.de\/wp-content\/uploads\/2018\/05\/WRVW4658.jpg' width='800' height='800' title='WRVW4658' alt=''  itemprop=\"thumbnailUrl\"   \/><\/div><\/li><li  class=' slide-13 ' ><div data-rel='slideshow-2' class='avia-slide-wrap '   ><img src='http:\/\/www.aleppofreunde.de\/wp-content\/uploads\/2018\/05\/XKZB1081.jpg' width='800' height='800' title='XKZB1081' alt=''  itemprop=\"thumbnailUrl\"   \/><\/div><\/li><li  class=' slide-14 ' ><div data-rel='slideshow-2' class='avia-slide-wrap '   ><img src='http:\/\/www.aleppofreunde.de\/wp-content\/uploads\/2018\/05\/YJTH2154.jpg' width='800' height='800' title='YJTH2154' alt=''  itemprop=\"thumbnailUrl\"   \/><\/div><\/li><\/ul><div class='avia-slideshow-arrows avia-slideshow-controls'><a href='#prev' class='prev-slide' aria-hidden='true' data-av_icon='\ue87c' data-av_iconfont='entypo-fontello'>Zur\u00fcck<\/a><a href='#next' class='next-slide' aria-hidden='true' data-av_icon='\ue87d' data-av_iconfont='entypo-fontello'>Weiter<\/a><\/div><div class='avia-slideshow-dots avia-slideshow-controls'><a href='#1' class='goto-slide active' >1<\/a><a href='#2' class='goto-slide ' >2<\/a><a href='#3' class='goto-slide ' >3<\/a><a href='#4' class='goto-slide ' >4<\/a><a href='#5' class='goto-slide ' >5<\/a><a href='#6' class='goto-slide ' >6<\/a><a href='#7' class='goto-slide ' >7<\/a><a href='#8' class='goto-slide ' >8<\/a><a href='#9' class='goto-slide ' >9<\/a><a href='#10' class='goto-slide ' >10<\/a><a href='#11' class='goto-slide ' >11<\/a><a href='#12' class='goto-slide ' >12<\/a><a href='#13' class='goto-slide ' >13<\/a><a href='#14' class='goto-slide ' >14<\/a><\/div><\/div><\/div>\n","protected":false},"excerpt":{"rendered":"","protected":false},"author":1,"featured_media":0,"parent":10,"menu_order":0,"comment_status":"closed","ping_status":"closed","template":"","meta":{"footnotes":""},"class_list":["post-31","page","type-page","status-publish","hentry"],"_links":{"self":[{"href":"http:\/\/www.aleppofreunde.de\/index.php?rest_route=\/wp\/v2\/pages\/31","targetHints":{"allow":["GET"]}}],"collection":[{"href":"http:\/\/www.aleppofreunde.de\/index.php?rest_route=\/wp\/v2\/pages"}],"about":[{"href":"http:\/\/www.aleppofreunde.de\/index.php?rest_route=\/wp\/v2\/types\/page"}],"author":[{"embeddable":true,"href":"http:\/\/www.aleppofreunde.de\/index.php?rest_route=\/wp\/v2\/users\/1"}],"replies":[{"embeddable":true,"href":"http:\/\/www.aleppofreunde.de\/index.php?rest_route=%2Fwp%2Fv2%2Fcomments&post=31"}],"version-history":[{"count":7,"href":"http:\/\/www.aleppofreunde.de\/index.php?rest_route=\/wp\/v2\/pages\/31\/revisions"}],"predecessor-version":[{"id":991,"href":"http:\/\/www.aleppofreunde.de\/index.php?rest_route=\/wp\/v2\/pages\/31\/revisions\/991"}],"up":[{"embeddable":true,"href":"http:\/\/www.aleppofreunde.de\/index.php?rest_route=\/wp\/v2\/pages\/10"}],"wp:attachment":[{"href":"http:\/\/www.aleppofreunde.de\/index.php?rest_route=%2Fwp%2Fv2%2Fmedia&parent=31"}],"curies":[{"name":"wp","href":"https:\/\/api.w.org\/{rel}","templated":true}]}}