{"id":734,"date":"2018-10-28T13:23:33","date_gmt":"2018-10-28T12:23:33","guid":{"rendered":"http:\/\/www.aleppofreunde.de\/?page_id=734"},"modified":"2022-03-17T10:55:28","modified_gmt":"2022-03-17T09:55:28","slug":"veroeffentlichungen","status":"publish","type":"page","link":"http:\/\/www.aleppofreunde.de\/?page_id=734&lang=de","title":{"rendered":"Ver\u00f6ffentlichungen"},"content":{"rendered":"<div class=\"flex_column av_one_fifth  flex_column_div av-zero-column-padding first  \" style='border-radius:0px; '><\/div>\n<div class=\"flex_column av_four_fifth  flex_column_div av-zero-column-padding   \" style='border-radius:0px; '><div style='padding-bottom:10px; ' class='av-special-heading av-special-heading-h3    '><h3 class='av-special-heading-tag '  itemprop=\"headline\"  >Ver\u00f6ffentlichungen<\/h3><div class='special-heading-border'><div class='special-heading-inner-border' ><\/div><\/div><\/div><\/div>\n<div class=\"flex_column av_one_fifth  flex_column_div av-zero-column-padding first  \" style='border-radius:0px; '><\/div>\n<div class=\"flex_column av_four_fifth  flex_column_div av-zero-column-padding   \" style='border-radius:0px; '><section class=\"av_textblock_section \"  itemscope=\"itemscope\" itemtype=\"https:\/\/schema.org\/CreativeWork\" ><div class='avia_textblock  '   itemprop=\"text\" ><p>Unser Verein war und ist beteiligt an diversen Ver\u00f6ffentlichungen.<\/p>\n<p>Eine Auswahl befindet sich hier:<br \/>\nVer\u00f6ffentlichungen mit * k\u00f6nnen beim Verein angefragt werden.<\/p>\n<p>&gt;&gt; Der Verein Freunde der Altstadt von Aleppo e.V. gibt einmal im Jahr eine Zeitschrift mit den Namen <strong><a href=\"http:\/\/www.aleppofreunde.de\/language\/de\/2022\/03\/17\/aleppo-journal\/\">&#8222;Aleppo Journal&#8220;<\/a><\/strong> heraus.<\/p>\n<p>&gt;&gt; <a href=\"https:\/\/www.b-tu.de\/middle-east-cooperation\/research\/research-projects\/aleppo-archive-in-exile\" target=\"_blank\" rel=\"noopener\">BTU Ausstellung &#8222;Urban Cultural Heritage in the Middle East &#8211; 5000 years of urban structures&#8220;<\/a> (2020). Mitglieder des Vereins haben bei der Erstellung der Kartengrundlagen mitgewirkt. Zu den Karten klicken Sie <a href=\"https:\/\/www-docs.b-tu.de\/middle-east-cooperation\/public\/20201109_Aleppo%20Plans\/20200917_Exhibition_Aleppo_BTU_reduced.pdf\" target=\"_blank\" rel=\"noopener\">hier<\/a>.<\/p>\n<p>&gt;&gt;\u00a0&#8222;<a href=\"https:\/\/www.ebv-berlin.de\/epages\/15494902.sf\/en_GB\/?ObjectPath=\/Shops\/15494902\/Products\/%22ISBN%20978-3-86893-346-8%22\" target=\"_blank\" rel=\"noopener\">Ein Forscher zwischen den Kulturen&#8220;<\/a> (2020) Festgabe f\u00fcr Heinz Gaube, Mitbegr\u00fcnder des Vereins, zum 80. Geburtstag, mit Beitr\u00e4gen von Mitgliedern des Vereins und langj\u00e4hrigen Weggef\u00e4hrt*innen. Auf der Verlagswebseite finden Sie folgende <a href=\"http:\/\/www.buchgestaltung-online.de\/Leseproben\/Leseprobe_FS_Gaube.pdf\" target=\"_blank\" rel=\"noopener\">Leseprobe<\/a>.*<\/p>\n<p>&gt;&gt; <a href=\"http:\/\/www.aleppofreunde.de\/language\/de\/2020\/02\/01\/publikationsankuendigung\/\" target=\"_blank\" rel=\"noopener\">Gedenkschrift &#8222;Die Altstadt von Aleppo im Wandel &#8211; Einsichten, Rehabilitation, Wiederaufbau. In Erinnerung an Adli Qudsi.&#8220; | \u201cThe Old City of Aleppo in Transition &#8211; Insights, Rehabilitation, Reconstruction. In Memory of Adli Qudsi.&#8220;<\/a> (2020).\u00a0<a href=\"https:\/\/www.na-verlag.de\/wp-content\/uploads\/image\/Inhaltsverzeichnis_Aleppo_Altstadt.pdf\" target=\"_blank\" rel=\"noopener\">Inhaltsverzeichnis<\/a> und\u00a0<a href=\"https:\/\/www.na-verlag.de\/wp-content\/uploads\/image\/Leseprobe_Aleppo_Altstadt.pdf\" target=\"_blank\" rel=\"noopener\">Leseprobe zur Gedenkschrift<\/a>\u00a0(auf der Verlagswebseite) *<\/p>\n<p>Die arabische \u00dcbersetzung finden Sie <a href=\"https:\/\/issuu.com\/aleppofreunde-aleppofriends-association\/docs\/2020_gedenkschrift_adliqudsi____\" target=\"_blank\" rel=\"noopener\">hier<\/a>.<\/p>\n<p>&gt;&gt;\u00a0<a href=\"https:\/\/publications.dainst.org\/books\/index.php\/dai\/catalog\/book\/64\" target=\"_blank\" rel=\"noopener\">&#8222;Nach der Stunde Null \u2013 aus Nachkriegserfahrungen f\u00fcr Syrien lernen? Denkmalpflege, Arch\u00e4ologie und St\u00e4dtebau als internationale Aufgabe&#8220;<\/a> (2019).\u00a0Der Verein ist mit Expertise seiner Mitglieder beteiligt. Weitere Infos zu der Publikation finden Sie <a href=\"https:\/\/publications.dainst.org\/books\/index.php\/dai\/catalog\/book\/64\" target=\"_blank\" rel=\"noopener\">hier<\/a>.<\/p>\n<p>&gt;&gt; Forschungsprojekt <a href=\"https:\/\/www.b-tu.de\/middle-east-cooperation\/research\/research-projects\/aleppo-archive-in-exile\" target=\"_blank\" rel=\"noopener\">&#8222;Urban Cultural Heritage in the Middle East &#8211; Old City of Aleppo&#8220;<\/a> (laufend). Der Verein ist mit Expertise seiner Mitglieder beteiligt. Weitere Infos zu dem Forschungsprojekt finden Sie <a href=\"https:\/\/www.b-tu.de\/middle-east-cooperation\/research\/research-projects\/aleppo-archive-in-exile\" target=\"_blank\" rel=\"noopener\">hier<\/a>.<\/p>\n<p>Zur Ansicht der Aleppo-Karte (2017-2020) klicken Sie <a href=\"https:\/\/www-docs.b-tu.de\/middle-east-cooperation\/public\/20201109_Aleppo%20Plans\/20200917_Plan_Old_City_Aleppo_BTU.pdf\" target=\"_blank\" rel=\"noopener\">hier.<\/a><\/p>\n<p>&gt;&gt; Toolkit <a href=\"https:\/\/www.recover-urban-heritage.org\" target=\"_blank\" rel=\"noopener\">&#8222;Recover Urban Heritage&#8220;<\/a>\u00a0(2018-2019). Der Verein ist mit Expertise seiner Mitglieder beteiligt. Zur Ansicht des Toolkits klicken Sie<a href=\"https:\/\/www.recover-urban-heritage.org\" target=\"_blank\" rel=\"noopener\"> hier<\/a>.<\/p>\n<p>&gt;&gt;\u00a0<a href=\"https:\/\/issuu.com\/iusd.cairo\/docs\/02_doku_-_alp_06feb_mediumres_a\" target=\"_blank\" rel=\"noopener\">&#8222;Scenarios for Post-War Reconstruction in Aleppo&#8220;<\/a> Documentation (2016). Mitglieder des Vereins waren an der Organisation und mit inhaltlichen Beitr\u00e4gen an dem <a href=\"https:\/\/www.iusd.uni-stuttgart.de\" target=\"_blank\" rel=\"noopener\">IUSD<\/a> Workshop am <a href=\"https:\/\/international-urbanism.de\" target=\"_blank\" rel=\"noopener\">St\u00e4dtebauinstitut (SIIU)<\/a> der Universit\u00e4t Stuttgart beteiligt. Zur Ansicht der Dokumentation klicken Sie <a href=\"https:\/\/issuu.com\/iusd.cairo\/docs\/02_doku_-_alp_06feb_mediumres_a\" target=\"_blank\" rel=\"noopener\">hier<\/a>.<\/p>\n<p>&gt;&gt; <a href=\"https:\/\/www.na-verlag.de\/buecher-e-book-media-archaeologie-kunst-geschichte\/146\/Strategies%20to%20rebuild%20Aleppo\/\" target=\"_blank\" rel=\"noopener\">&#8222;Strategies to rebuild Aleppo&#8220;<\/a> (2016), herausgegeben von Mitgliedern des Vereins. Zur Ansicht, klicken Sie auf\u00a0<a href=\"http:\/\/www.na-verlag.de\/wp-content\/uploads\/image\/Inhaltsverzeichnis_Strategies_to_rebuild_Aleppo.pdf\" target=\"_blank\" rel=\"noopener\">Inhaltsverzeichnis<\/a> und\u00a0<a href=\"http:\/\/www.na-verlag.de\/wp-content\/uploads\/image\/Leseprobe_Strategies_Aleppo.pdf\" target=\"_blank\" rel=\"noopener\">Leseprobe<\/a>\u00a0via\u00a0Verlagswebseite.*<\/p>\n<p>&gt;&gt;\u00a0<a href=\"http:\/\/www.aleppofreunde.de\/wp-content\/uploads\/2018\/07\/ANCB_dokumentation.pdf\" target=\"_blank\" rel=\"noopener\">&#8222;DIE ALTSTADT VON ALEPPO Strategien f\u00fcr den Wiederaufbau&#8220;<\/a> Dokumentation der Tagung (2015) im ANCB The Aedes Metropolitan Laboratory, Berlin.\u00a0Zur Ansicht der Dokumentation klicken Sie <a href=\"http:\/\/www.aleppofreunde.de\/wp-content\/uploads\/2018\/07\/ANCB_dokumentation.pdf\" target=\"_blank\" rel=\"noopener\">hier<\/a>.<\/p>\n<p>&gt;&gt; The Aleppo Archive &#8211; A place for the memory of Urban History (2012) in Kooperation mit der Gesellschaft f\u00fcr Internationale Zusammenarbeit. Zur Ansicht der Publikation mit <a href=\"http:\/\/www.aleppofreunde.de\/wp-content\/uploads\/2021\/03\/aleppo_archive_290712_Web_sms.pdf\" target=\"_blank\" rel=\"noopener\">niedriger Aufl\u00f6sung hier<\/a>.*<\/p>\n<p>&gt;&gt; <a href=\"http:\/\/www.edition-et.de\/images\/myal.pdf\" target=\"_blank\" rel=\"noopener\">MYAL Mein Aleppo<\/a> (2011, aktualisierte Auflage 2015) in Kooperation mit <a href=\"http:\/\/www.edition-et.de\/myal_p.htm\" target=\"_blank\" rel=\"noopener\">Esefeld und Traub Edition<\/a><\/p>\n<p>&gt;&gt; <a href=\"http:\/\/madinatuna.com\/downloads\/activities\/34\/AleppoScope-Nov-2010.pdf\" target=\"_blank\" rel=\"noopener\">&#8222;Aleppo Urban Historic Archive&#8220;<\/a> (2010) in Stadtmagazin &#8222;Alepposcope&#8220;. Ein Portrait des Archivprojekts in Aleppo, unterst\u00fctzt durch den Verein.<\/p>\n<p>&gt;&gt; <a href=\"https:\/\/www.trialog-journal.de\/journal\/heftarchiv\/\" target=\"_blank\" rel=\"noopener\">Trialog Journal<\/a> (diverse Ausgaben). Mitglieder des Verein haben auf die Geschichte und Initiativen in der Altstadt in folgenden Artikeln aufmerksam gemacht.<\/p>\n<p>&gt; Trialog Nr. 79 <a href=\"https:\/\/www.trialog-journal.de\/wp-content\/uploads\/2016\/04\/TRIALOG-79-Tourism-and-Development-Vol.-4_2003-IKO-OD57C8.pdf\" target=\"_blank\" rel=\"noopener\">&#8222;Tourism and Development&#8220;<\/a> (2003, Seiten 16ff.) von den Mitgliedern Meinolf Spiekermann und Anette Gangler. Zur Ansicht des Artikels klicken Sie <a href=\"https:\/\/www.trialog-journal.de\/wp-content\/uploads\/2016\/04\/TRIALOG-79-Tourism-and-Development-Vol.-4_2003-IKO-OD57C8.pdf\" target=\"_blank\" rel=\"noopener\">hier<\/a>.<\/p>\n<p>&gt; Trialog Nr. 53 <a href=\"https:\/\/www.trialog-journal.de\/wp-content\/uploads\/2016\/04\/TRIALOG-53-Hof-H\u00e4user-Courtyard-Houses-Vol.-2_1997-scan3BAF.pdf\" target=\"_blank\" rel=\"noopener\">&#8222;Das Hofhaus im vorderen Orient &#8211; Ein traditioneller Bautyp und seine Ver\u00e4nderungen im heutigen Syrien&#8220;<\/a> (1997, Seiten 5ff.).\u00a0Zur Ansicht des Artikels klicken Sie <a href=\"https:\/\/www.trialog-journal.de\/wp-content\/uploads\/2016\/04\/TRIALOG-53-Hof-H\u00e4user-Courtyard-Houses-Vol.-2_1997-scan3BAF.pdf\" target=\"_blank\" rel=\"noopener\">hier<\/a>.<\/p>\n<p>&gt; Trialog Nr. 40 <a href=\"https:\/\/www.trialog-journal.de\/wp-content\/uploads\/2016\/04\/TRIALOG-40-Orientalisch-isalmische-Alst\u00e4dte-Vol.-1_1994-scan10B9.pdf\" target=\"_blank\" rel=\"noopener\">&#8222;Islamische Altst\u00e4dte&#8220;<\/a> (1994). Herausgegeben mit Mitgliedern des Vereins.\u00a0Zur Ansicht des Hefts klicken Sie <a href=\"https:\/\/www.trialog-journal.de\/wp-content\/uploads\/2016\/04\/TRIALOG-40-Orientalisch-isalmische-Alst\u00e4dte-Vol.-1_1994-scan10B9.pdf\" target=\"_blank\" rel=\"noopener\">hier<\/a>.<\/p>\n<\/div><\/section><\/div>\n","protected":false},"excerpt":{"rendered":"","protected":false},"author":2,"featured_media":0,"parent":10,"menu_order":5,"comment_status":"closed","ping_status":"closed","template":"","meta":{"footnotes":""},"class_list":["post-734","page","type-page","status-publish","hentry"],"_links":{"self":[{"href":"http:\/\/www.aleppofreunde.de\/index.php?rest_route=\/wp\/v2\/pages\/734","targetHints":{"allow":["GET"]}}],"collection":[{"href":"http:\/\/www.aleppofreunde.de\/index.php?rest_route=\/wp\/v2\/pages"}],"about":[{"href":"http:\/\/www.aleppofreunde.de\/index.php?rest_route=\/wp\/v2\/types\/page"}],"author":[{"embeddable":true,"href":"http:\/\/www.aleppofreunde.de\/index.php?rest_route=\/wp\/v2\/users\/2"}],"replies":[{"embeddable":true,"href":"http:\/\/www.aleppofreunde.de\/index.php?rest_route=%2Fwp%2Fv2%2Fcomments&post=734"}],"version-history":[{"count":32,"href":"http:\/\/www.aleppofreunde.de\/index.php?rest_route=\/wp\/v2\/pages\/734\/revisions"}],"predecessor-version":[{"id":1570,"href":"http:\/\/www.aleppofreunde.de\/index.php?rest_route=\/wp\/v2\/pages\/734\/revisions\/1570"}],"up":[{"embeddable":true,"href":"http:\/\/www.aleppofreunde.de\/index.php?rest_route=\/wp\/v2\/pages\/10"}],"wp:attachment":[{"href":"http:\/\/www.aleppofreunde.de\/index.php?rest_route=%2Fwp%2Fv2%2Fmedia&parent=734"}],"curies":[{"name":"wp","href":"https:\/\/api.w.org\/{rel}","templated":true}]}}